{"id":23,"date":"2015-02-20T14:38:26","date_gmt":"2015-02-20T13:38:26","guid":{"rendered":"http:\/\/www.stevehx.info\/srlmv4\/?page_id=23"},"modified":"2024-11-13T12:01:54","modified_gmt":"2024-11-13T10:01:54","slug":"accueil","status":"publish","type":"page","link":"http:\/\/www.srlm.fr\/","title":{"rendered":"Accueil"},"content":{"rendered":"\n<div class=\"wp-block-group is-nowrap is-layout-flex wp-container-core-group-is-layout-ad2f72ca wp-block-group-is-layout-flex\">\n<div class=\"wp-block-group\"><div class=\"wp-block-group__inner-container is-layout-constrained wp-block-group-is-layout-constrained\">\n<div class=\"title\">\n<h2 style=\"text-align: center;\"><em>Le club est ouvert tous les Vendredis soir de\u00a018h30 \u00e0 22h<\/em><\/h2>\n<h2 style=\"text-align: center;\"><em>Soir\u00e9e 1\/32 et championnat Club 1 vendredi sur 3 <a href=\"http:\/\/www.srlm.fr\/?page_id=38\">(voir Agenda)<\/a><\/em><\/h2>\n<\/div>\n<div class=\"entry\">\n<h2 style=\"text-align: center;\"><em>Le club compte environ 25 adh\u00e9rents et les r\u00e9unions du vendredi rassemblent en moyenne environ 15 \u00e0 20 personnes chaque semaine.<\/em><br \/><em> Retrouvez nous nombreux \u00e0 la MJC de Lannoy :<\/em><\/h2>\n<p style=\"text-align: center;\"><strong>ATHENA Forum<\/strong><\/p>\n<p style=\"text-align: center;\"><a title=\"map\" href=\"https:\/\/www.google.fr\/maps\/place\/SRLM+Slot+Racing+Lille+M%C3%A9tropole\/@50.66712,3.208373,17z\/data=!3m1!4b1!4m2!3m1!1s0x47c327d0676cfe39:0x4a42906e9d94bef\" target=\"_blank\" rel=\"noopener\">Rue des Remparts 59390 Lannoy (Salle Arc en Ciel)<\/a><\/p>\n<\/div>\n<p style=\"text-align: center;\"><a href=\"https:\/\/www.google.fr\/maps\/place\/Slot+Racing+Lille+M%C3%A9tropole\/@50.6673681,3.2078205,18z\/data=!4m13!1m7!3m6!1s0x47c327d0638d2cd5:0x129478966fa05e27!2sRue+des+Remparts,+59390+Lannoy!3b1!8m2!3d50.6675721!4d3.2092099!3m4!1s0x47c327d0676cfe39:0x4a42906e9d94bef!8m2!3d50.6673479!4d3.2089788\"><img loading=\"lazy\" decoding=\"async\" class=\"alignnone wp-image-330\" src=\"http:\/\/www.srlm.fr\/wp-content\/uploads\/2018\/01\/rue-des-Rempars-300x206.png\" alt=\"\" width=\"733\" height=\"503\" srcset=\"http:\/\/www.srlm.fr\/wp-content\/uploads\/2018\/01\/rue-des-Rempars-300x206.png 300w, http:\/\/www.srlm.fr\/wp-content\/uploads\/2018\/01\/rue-des-Rempars-768x527.png 768w, http:\/\/www.srlm.fr\/wp-content\/uploads\/2018\/01\/rue-des-Rempars-1024x702.png 1024w, http:\/\/www.srlm.fr\/wp-content\/uploads\/2018\/01\/rue-des-Rempars.png 1174w\" sizes=\"auto, (max-width: 733px) 100vw, 733px\" \/><\/a><\/p>\n<div class=\"entry\">\n<p style=\"text-align: center;\"><strong><em>Piste\u00a0<\/em>:<\/strong><\/p>\n<p style=\"text-align: center;\"><img loading=\"lazy\" decoding=\"async\" class=\"alignnone  wp-image-794\" src=\"http:\/\/www.srlm.fr\/wp-content\/uploads\/2024\/11\/carrera_logo-1-300x72.png\" alt=\"\" width=\"225\" height=\"54\" srcset=\"http:\/\/www.srlm.fr\/wp-content\/uploads\/2024\/11\/carrera_logo-1-300x72.png 300w, http:\/\/www.srlm.fr\/wp-content\/uploads\/2024\/11\/carrera_logo-1-1024x245.png 1024w, http:\/\/www.srlm.fr\/wp-content\/uploads\/2024\/11\/carrera_logo-1-768x184.png 768w, http:\/\/www.srlm.fr\/wp-content\/uploads\/2024\/11\/carrera_logo-1.png 1504w\" sizes=\"auto, (max-width: 225px) 100vw, 225px\" \/><\/p>\n<p style=\"text-align: center;\"><img loading=\"lazy\" decoding=\"async\" class=\"\" src=\"https:\/\/encrypted-tbn0.gstatic.com\/images?q=tbn:ANd9GcRr3mfaSnUhXUpSfZs5MVwRhhFDhpcMP9t1VQ&amp;usqp=CAU\" alt=\"Slot.it - Voitures miniatures de slot racing au 1\/32\u00e8me\" width=\"228\" height=\"122\" \/> <img loading=\"lazy\" decoding=\"async\" class=\"\" src=\"http:\/\/slot.it\/wp-content\/uploads\/2019\/06\/oxigen_logo-300x185.jpg\" alt=\"OXIGEN \u2013 SLOT.IT\" width=\"167\" height=\"103\" \/><\/p>\n<p style=\"text-align: center;\"><strong>\u00a0\u00a0<\/strong>6 voies analogiques<\/p>\n<p style=\"text-align: center;\">et 20 voies Digitales<\/p>\n<p style=\"text-align: center;\">longueur \u2013 36 m<\/p>\n<p style=\"text-align: center;\"><strong><em>Branchement<\/em>\u00a0:\u00a0<\/strong>XLR \/ prise banane<\/p>\n<p style=\"text-align: center;\"><strong><em>Syst\u00e8me de comptage<\/em>\u00a0:\u00a0<\/strong><a href=\"http:\/\/pclapcounter.be\/\">Pc Lap Counter<\/a><\/p>\n<p style=\"text-align: center;\">Affichage des temps sur \u00e9crans multiples<\/p>\n<\/div>\n<p style=\"text-align: center;\"><img loading=\"lazy\" decoding=\"async\" class=\"alignnone wp-image-327\" src=\"http:\/\/www.srlm.fr\/wp-content\/uploads\/2018\/01\/ecran-PC-Lap-counter-300x185.jpg\" alt=\"\" width=\"369\" height=\"227\" srcset=\"http:\/\/www.srlm.fr\/wp-content\/uploads\/2018\/01\/ecran-PC-Lap-counter-300x185.jpg 300w, http:\/\/www.srlm.fr\/wp-content\/uploads\/2018\/01\/ecran-PC-Lap-counter-768x473.jpg 768w, http:\/\/www.srlm.fr\/wp-content\/uploads\/2018\/01\/ecran-PC-Lap-counter-1024x631.jpg 1024w, http:\/\/www.srlm.fr\/wp-content\/uploads\/2018\/01\/ecran-PC-Lap-counter.jpg 1309w\" sizes=\"auto, (max-width: 369px) 100vw, 369px\" \/> <img loading=\"lazy\" decoding=\"async\" class=\"\" src=\"https:\/\/www.slotcarspassion.com\/wp-content\/gallery\/slot-it-oxygen\/logiciel-oxygen.jpg\" alt=\"oXygen: Le slot racing digital par Slot-it\" width=\"385\" height=\"228\" \/><\/p>\n<div class=\"entry\">\n<p style=\"text-align: center;\"><strong><em>Alimentation<\/em>\u00a0:\u00a0<\/strong>Stabilis\u00e9e de 0 \u00e0 20 V \u2013\u00a030 amp<\/p>\n<p style=\"text-align: center;\">Le trac\u00e9 :<\/p>\n<p style=\"text-align: center;\"><a href=\"https:\/\/www.youtube.com\/watch?v=CudTnJEOh64\"><img loading=\"lazy\" decoding=\"async\" class=\"alignnone wp-image-308\" src=\"http:\/\/www.srlm.fr\/wp-content\/uploads\/2018\/01\/piste-300x168.png\" alt=\"\" width=\"642\" height=\"360\" srcset=\"http:\/\/www.srlm.fr\/wp-content\/uploads\/2018\/01\/piste-300x168.png 300w, http:\/\/www.srlm.fr\/wp-content\/uploads\/2018\/01\/piste-768x429.png 768w, http:\/\/www.srlm.fr\/wp-content\/uploads\/2018\/01\/piste.png 853w\" sizes=\"auto, (max-width: 642px) 100vw, 642px\" \/><\/a><\/p>\n<p style=\"text-align: center;\">L\u2019adresse :<\/p>\n<p style=\"text-align: center;\"><strong>SRLM Slot Racing Lille M\u00e9tropole<\/strong><\/p>\n<p style=\"text-align: center;\"><strong>adresse postale :\u00a0<\/strong>21 all\u00e9e du vert pr\u00e9 \u2013 59780 Baisieux<\/p>\n<p style=\"text-align: center;\">T\u00e9l : 06.85.16.04.89<\/p>\n<p style=\"text-align: center;\"><strong>adresse du club :<\/strong><\/p>\n<p style=\"text-align: center;\">31 Rue des\u00a0Remparts \u2013 59390 Lannoy<\/p>\n<p style=\"text-align: center;\">mail : asso@srlm.fr<\/p>\n<p style=\"text-align: center;\"><a href=\"https:\/\/www.google.fr\/maps\/preview#!q=SRLM+Slot+Racing+Lille+M%C3%A9tropole%2C+Rue+des+Remparts%2C+Lannoy&amp;data=!4m10!1m9!4m8!1m3!1d2077!2d3.2408612!3d50.6114661!3m2!1i1104!2i630!4f13.1\" target=\"_blank\" rel=\"noopener\">Plan<\/a><\/p>\n<\/div>\n<\/div><\/div>\n<\/div>\n","protected":false},"excerpt":{"rendered":"<p>Le club est ouvert tous les Vendredis soir de\u00a018h30 \u00e0 22h Soir\u00e9e 1\/32 et championnat Club 1 vendredi sur 3 (voir Agenda) Le club compte environ 25 adh\u00e9rents et les r\u00e9unions du vendredi rassemblent en moyenne environ 15 \u00e0 20 personnes chaque semaine. Retrouvez nous nombreux \u00e0 la MJC de Lannoy : ATHENA Forum Rue [&hellip;]<\/p>\n","protected":false},"author":1,"featured_media":0,"parent":0,"menu_order":0,"comment_status":"closed","ping_status":"open","template":"","meta":{"footnotes":""},"class_list":["post-23","page","type-page","status-publish","hentry"],"jetpack_sharing_enabled":true,"_links":{"self":[{"href":"http:\/\/www.srlm.fr\/index.php?rest_route=\/wp\/v2\/pages\/23","targetHints":{"allow":["GET"]}}],"collection":[{"href":"http:\/\/www.srlm.fr\/index.php?rest_route=\/wp\/v2\/pages"}],"about":[{"href":"http:\/\/www.srlm.fr\/index.php?rest_route=\/wp\/v2\/types\/page"}],"author":[{"embeddable":true,"href":"http:\/\/www.srlm.fr\/index.php?rest_route=\/wp\/v2\/users\/1"}],"replies":[{"embeddable":true,"href":"http:\/\/www.srlm.fr\/index.php?rest_route=%2Fwp%2Fv2%2Fcomments&post=23"}],"version-history":[{"count":40,"href":"http:\/\/www.srlm.fr\/index.php?rest_route=\/wp\/v2\/pages\/23\/revisions"}],"predecessor-version":[{"id":798,"href":"http:\/\/www.srlm.fr\/index.php?rest_route=\/wp\/v2\/pages\/23\/revisions\/798"}],"wp:attachment":[{"href":"http:\/\/www.srlm.fr\/index.php?rest_route=%2Fwp%2Fv2%2Fmedia&parent=23"}],"curies":[{"name":"wp","href":"https:\/\/api.w.org\/{rel}","templated":true}]}}