{"id":48,"date":"2015-02-20T16:18:30","date_gmt":"2015-02-20T15:18:30","guid":{"rendered":"http:\/\/www.stevehx.info\/srlmv4\/?page_id=48"},"modified":"2024-12-13T11:42:17","modified_gmt":"2024-12-13T09:42:17","slug":"competitions","status":"publish","type":"page","link":"http:\/\/www.srlm.fr\/?page_id=48","title":{"rendered":"Comp\u00e9titions"},"content":{"rendered":"<p>Ouvert \u00e0 la comp\u00e9tition depuis sa cr\u00e9ation, le club organise et participe \u00e0 diff\u00e9rents championnats.<\/p>\n<p>Vous trouverez ici des informations et photos des diff\u00e9rentes courses pratiqu\u00e9es dans les diff\u00e9rentes \u00e9chelles :<\/p>\n<p><a href=\"http:\/\/www.srlm.fr\/?cat=4\">1\/32<\/a><\/p>\n<p><a href=\"http:\/\/www.srlm.fr\/?cat=5\">1\/24<\/a><\/p>\n\n\n<p><\/p>\n","protected":false},"excerpt":{"rendered":"<p>Ouvert \u00e0 la comp\u00e9tition depuis sa cr\u00e9ation, le club organise et participe \u00e0 diff\u00e9rents championnats. Vous trouverez ici des informations et photos des diff\u00e9rentes courses pratiqu\u00e9es dans les diff\u00e9rentes \u00e9chelles : 1\/32 1\/24<\/p>\n","protected":false},"author":1,"featured_media":0,"parent":0,"menu_order":0,"comment_status":"closed","ping_status":"open","template":"","meta":{"footnotes":""},"class_list":["post-48","page","type-page","status-publish","hentry"],"jetpack_sharing_enabled":true,"_links":{"self":[{"href":"http:\/\/www.srlm.fr\/index.php?rest_route=\/wp\/v2\/pages\/48","targetHints":{"allow":["GET"]}}],"collection":[{"href":"http:\/\/www.srlm.fr\/index.php?rest_route=\/wp\/v2\/pages"}],"about":[{"href":"http:\/\/www.srlm.fr\/index.php?rest_route=\/wp\/v2\/types\/page"}],"author":[{"embeddable":true,"href":"http:\/\/www.srlm.fr\/index.php?rest_route=\/wp\/v2\/users\/1"}],"replies":[{"embeddable":true,"href":"http:\/\/www.srlm.fr\/index.php?rest_route=%2Fwp%2Fv2%2Fcomments&post=48"}],"version-history":[{"count":5,"href":"http:\/\/www.srlm.fr\/index.php?rest_route=\/wp\/v2\/pages\/48\/revisions"}],"predecessor-version":[{"id":808,"href":"http:\/\/www.srlm.fr\/index.php?rest_route=\/wp\/v2\/pages\/48\/revisions\/808"}],"wp:attachment":[{"href":"http:\/\/www.srlm.fr\/index.php?rest_route=%2Fwp%2Fv2%2Fmedia&parent=48"}],"curies":[{"name":"wp","href":"https:\/\/api.w.org\/{rel}","templated":true}]}}